{"id":29265,"date":"2025-09-23T16:04:13","date_gmt":"2025-09-23T16:04:13","guid":{"rendered":"https:\/\/rizoelitehealth.com\/?page_id=29265"},"modified":"2025-09-25T02:40:11","modified_gmt":"2025-09-25T02:40:11","slug":"terms-and-conditions","status":"publish","type":"page","link":"https:\/\/rizoelitehealth.com\/es\/terms-and-conditions\/","title":{"rendered":"T\u00e9rminos y Condiciones"},"content":{"rendered":"<p>Bienvenido a Rizo Elite Healthcare. Al utilizar nuestro sitio web, servicios o plataforma de Telemedicina, aceptas los siguientes T\u00e9rminos y Condiciones. Por favor, l\u00e9elos con atenci\u00f3n.<\/p>\n\n\n\n<h2 class=\"wp-block-heading\"><strong>1. Consentimiento<\/strong><\/h2>\n\n\n\n<ul class=\"wp-block-list\">\n<li>Al acceder o utilizar los servicios de Rizo Elite Healthcare, aceptas quedar legalmente obligado por estos T\u00e9rminos y Condiciones y por nuestra Pol\u00edtica de Privacidad.<\/li>\n<\/ul>\n\n\n\n<h2 class=\"wp-block-heading translation-block\"><strong>2. Modalidades de comunicaci\u00f3n:<\/strong>\nAl aceptar, podr\u00e1s recibir mensajes SMS, correos electr\u00f3nicos o llamadas telef\u00f3nicas relacionados con:<\/h2>\n\n\n\n<ul class=\"wp-block-list\">\n<li>Recordatorios de citas<\/li>\n\n\n\n<li>Mensajes de seguimiento<\/li>\n\n\n\n<li>Consultas de facturaci\u00f3n<\/li>\n<\/ul>\n\n\n\n<h2 class=\"wp-block-heading\"><strong>3. Frecuencia de mensajes<\/strong><\/h2>\n\n\n\n<ul class=\"wp-block-list\">\n<li>La frecuencia de los mensajes puede variar seg\u00fan tus necesidades de atenci\u00f3n y los servicios prestados. Se aplican las tarifas est\u00e1ndar de mensajes y datos de tu proveedor de servicios. Puedes darte de baja de las comunicaciones en cualquier momento siguiendo las instrucciones de cancelaci\u00f3n proporcionadas.<\/li>\n<\/ul>\n\n\n\n<h2 class=\"wp-block-heading\"><strong>4<\/strong><strong>.M\u00e9todos de suscripci\u00f3n<\/strong><\/h2>\n\n\n\n<p>Puedes suscribirte para recibir comunicaciones de Rizo Elite Healthcare de las siguientes maneras:<\/p>\n\n\n\n<ul class=\"wp-block-list\">\n<li>Al enviar un formulario en l\u00ednea en https:\/\/rizoelitehealth.com\/<\/li>\n<\/ul>\n\n\n\n<h2 class=\"wp-block-heading\"><strong>5<\/strong><strong>. Instrucciones para darse de baja<\/strong><\/h2>\n\n\n\n<ul class=\"wp-block-list\">\n<li>Puedes darte de baja en cualquier momento respondiendo \u201c<strong>STOP<\/strong>\" a cualquier mensaje SMS. Alternativamente, cont\u00e1ctanos directamente en info@rizoelitehealth.com<\/li>\n<\/ul>\n\n\n\n<h2 class=\"wp-block-heading translation-block\">6. Divulgaciones est\u00e1ndar de mensajer\u00eda SMS<\/h2>\n\n\n\n<ul class=\"wp-block-list\">\n<li><strong>Se pueden aplicar tarifas de mensajes y datos.<\/strong><\/li>\n\n\n\n<li>Puedes darte de baja en cualquier momento enviando la palabra \u201cSTOP\u201d por SMS.<\/li>\n\n\n\n<li class=\"translation-block\">Para asistencia, env\u00eda la palabra \u201cHELP\u201d por SMS o visita nuestra Pol\u00edtica de Privacidad en <a href=\"https:\/\/rizoelitehealth.com\/es\/\" target=\"_self\">https:\/\/rizoelitehealth.com\n<\/a><\/li>\n\n\n\n<li>La frecuencia de los mensajes puede variar seg\u00fan el servicio.<\/li>\n<\/ul>\n\n\n\n<h2 class=\"wp-block-heading\"><strong>7<\/strong><strong>. <\/strong><strong>Exenci\u00f3n de responsabilidad m\u00e9dica<\/strong><\/h2>\n\n\n\n<p>Rizo Elite Healthcare no reemplaza a tu m\u00e9dico de atenci\u00f3n primaria. Nuestros servicios est\u00e1n destinados a condiciones no urgentes y que no ponen en riesgo la vida. En caso de una emergencia m\u00e9dica, llama al 911 o acude a la sala de emergencias m\u00e1s cercana.<\/p>\n\n\n\n<h2 class=\"wp-block-heading\"><strong>8<\/strong><strong>. <\/strong><strong>Pol\u00edtica de pagos y reembolsos<\/strong><\/h2>\n\n\n\n<p>Todos los pagos deben realizarse en el momento del servicio. No garantizamos el reembolso por parte del seguro. Los reembolsos se otorgan a discreci\u00f3n de Rizo Elite Healthcare.<\/p>\n\n\n\n<h2 class=\"wp-block-heading\"><strong>9<\/strong><strong>. <\/strong><strong>Privacidad y seguridad<\/strong><\/h2>\n\n\n\n<p>Cumplimos con la HIPAA y otras leyes de privacidad aplicables. Por favor, consulta nuestra pol\u00edtica de privacidad para obtener informaci\u00f3n detallada sobre c\u00f3mo se recopilan, utilizan y protegen tus datos.<\/p>\n\n\n\n<h2 class=\"wp-block-heading\"><strong>10<\/strong><strong>. <\/strong><strong>Terminaci\u00f3n<\/strong><\/h2>\n\n\n\n<p>Nos reservamos el derecho de suspender o terminar tu acceso a los servicios por violaciones a estos t\u00e9rminos, fraude o uso indebido del sistema.<\/p>\n\n\n\n<h2 class=\"wp-block-heading\"><strong>11. Limitaci\u00f3n de responsabilidad<\/strong><\/h2>\n\n\n\n<p>Rizo Elite Healthcare no es responsable de ning\u00fan da\u00f1o indirecto, incidental o consecuente que surja del uso de nuestros servicios, incluidos, entre otros, los resultados de los tratamientos o problemas t\u00e9cnicos.<\/p>\n\n\n\n<h2 class=\"wp-block-heading\"><strong>12. Modificaciones<\/strong><\/h2>\n\n\n\n<p>Podemos actualizar estos T\u00e9rminos y Condiciones en cualquier momento. El uso continuo de los servicios despu\u00e9s de los cambios constituye tu aceptaci\u00f3n de los t\u00e9rminos actualizados.<\/p>\n\n\n\n<h2 class=\"wp-block-heading\"><strong>13. EXENCI\u00d3N DE RESPONSABILIDAD<\/strong><\/h2>\n\n\n\n<p>T\u00fa eximes y mantienes indemne a Rizo Elite Healthcare y a sus respectivos proveedores de atenci\u00f3n m\u00e9dica, empleados, contratistas, socios comerciales y\/o agentes de cualquier perjuicio, reclamaci\u00f3n, lesi\u00f3n o da\u00f1o de cualquier tipo, incluidos, entre otros, da\u00f1os compensatorios, directos, indirectos o consecuentes, de forma directa o indirecta, como resultado de cualquier uso de los servicios prestados por Rizo Elite Healthcare.<\/p>\n\n\n\n<p>POR FAVOR LEE ESTE ACUERDO DETENIDAMENTE. ESTE ACUERDO RIGE EL USO QUE HACES DEL SITIO WEB Y DE NUESTROS SERVICIOS. SI NO EST\u00c1S DE ACUERDO CON LOS T\u00c9RMINOS DE ESTE ACUERDO O CON CUALQUIER VERSI\u00d3N REVISADA DEL MISMO, POR FAVOR NO UTILICES ESTE SITIO WEB NI NUESTROS SERVICIOS.<\/p>","protected":false},"excerpt":{"rendered":"<p>Welcome to Rizo Elite Healthcare. By using our website, services, or Telehealth platform, you agree to the followings Terms &amp;<\/p>","protected":false},"author":1,"featured_media":0,"parent":0,"menu_order":0,"comment_status":"closed","ping_status":"closed","template":"","meta":{"footnotes":""},"class_list":["post-29265","page","type-page","status-publish","hentry"],"yoast_head":"<!-- This site is optimized with the Yoast SEO Premium plugin v26.6 (Yoast SEO v26.6) - https:\/\/yoast.com\/wordpress\/plugins\/seo\/ -->\n<title>Terms and Conditions - Rizo Elite Health<\/title>\n<meta name=\"robots\" content=\"index, follow, max-snippet:-1, max-image-preview:large, max-video-preview:-1\" \/>\n<link rel=\"canonical\" href=\"https:\/\/rizoelitehealth.com\/es\/terms-and-conditions\/\" \/>\n<meta property=\"og:locale\" content=\"es_ES\" \/>\n<meta property=\"og:type\" content=\"article\" \/>\n<meta property=\"og:title\" content=\"Terms and Conditions\" \/>\n<meta property=\"og:description\" content=\"Welcome to Rizo Elite Healthcare. By using our website, services, or Telehealth platform, you agree to the followings Terms &amp;\" \/>\n<meta property=\"og:url\" content=\"https:\/\/rizoelitehealth.com\/es\/terms-and-conditions\/\" \/>\n<meta property=\"og:site_name\" content=\"Rizo Elite Health\" \/>\n<meta property=\"article:modified_time\" content=\"2025-09-25T02:40:11+00:00\" \/>\n<meta name=\"twitter:card\" content=\"summary_large_image\" \/>\n<meta name=\"twitter:label1\" content=\"Tiempo de lectura\" \/>\n\t<meta name=\"twitter:data1\" content=\"2 minutos\" \/>\n<script type=\"application\/ld+json\" class=\"yoast-schema-graph\">{\"@context\":\"https:\/\/schema.org\",\"@graph\":[{\"@type\":\"WebPage\",\"@id\":\"https:\/\/rizoelitehealth.com\/terms-and-conditions\/\",\"url\":\"https:\/\/rizoelitehealth.com\/terms-and-conditions\/\",\"name\":\"Terms and Conditions - Rizo Elite Health\",\"isPartOf\":{\"@id\":\"https:\/\/rizoelitehealth.com\/#website\"},\"datePublished\":\"2025-09-23T16:04:13+00:00\",\"dateModified\":\"2025-09-25T02:40:11+00:00\",\"breadcrumb\":{\"@id\":\"https:\/\/rizoelitehealth.com\/terms-and-conditions\/#breadcrumb\"},\"inLanguage\":\"es\",\"potentialAction\":[{\"@type\":\"ReadAction\",\"target\":[\"https:\/\/rizoelitehealth.com\/terms-and-conditions\/\"]}]},{\"@type\":\"BreadcrumbList\",\"@id\":\"https:\/\/rizoelitehealth.com\/terms-and-conditions\/#breadcrumb\",\"itemListElement\":[{\"@type\":\"ListItem\",\"position\":1,\"name\":\"Inicio\",\"item\":\"https:\/\/rizoelitehealth.com\/\"},{\"@type\":\"ListItem\",\"position\":2,\"name\":\"Terms and Conditions\"}]},{\"@type\":\"WebSite\",\"@id\":\"https:\/\/rizoelitehealth.com\/#website\",\"url\":\"https:\/\/rizoelitehealth.com\/\",\"name\":\"Rizo Elite Health\",\"description\":\"Primary Care, Telemedicine, Medical Weight Loss, IV Vitamin Therapy, and more - available online or in the comfort of your home\",\"publisher\":{\"@id\":\"https:\/\/rizoelitehealth.com\/#organization\"},\"potentialAction\":[{\"@type\":\"SearchAction\",\"target\":{\"@type\":\"EntryPoint\",\"urlTemplate\":\"https:\/\/rizoelitehealth.com\/?s={search_term_string}\"},\"query-input\":{\"@type\":\"PropertyValueSpecification\",\"valueRequired\":true,\"valueName\":\"search_term_string\"}}],\"inLanguage\":\"es\"},{\"@type\":\"Organization\",\"@id\":\"https:\/\/rizoelitehealth.com\/#organization\",\"name\":\"Rizo Elite Health\",\"url\":\"https:\/\/rizoelitehealth.com\/\",\"logo\":{\"@type\":\"ImageObject\",\"inLanguage\":\"es\",\"@id\":\"https:\/\/rizoelitehealth.com\/#\/schema\/logo\/image\/\",\"url\":\"https:\/\/rizoelitehealth.com\/wp-content\/uploads\/2025\/07\/logo-rizo.png\",\"contentUrl\":\"https:\/\/rizoelitehealth.com\/wp-content\/uploads\/2025\/07\/logo-rizo.png\",\"width\":802,\"height\":302,\"caption\":\"Rizo Elite Health\"},\"image\":{\"@id\":\"https:\/\/rizoelitehealth.com\/#\/schema\/logo\/image\/\"}}]}<\/script>\n<!-- \/ Yoast SEO Premium plugin. -->","yoast_head_json":{"title":"Terms and Conditions - Rizo Elite Health","robots":{"index":"index","follow":"follow","max-snippet":"max-snippet:-1","max-image-preview":"max-image-preview:large","max-video-preview":"max-video-preview:-1"},"canonical":"https:\/\/rizoelitehealth.com\/es\/terms-and-conditions\/","og_locale":"es_ES","og_type":"article","og_title":"Terms and Conditions","og_description":"Welcome to Rizo Elite Healthcare. By using our website, services, or Telehealth platform, you agree to the followings Terms &amp;","og_url":"https:\/\/rizoelitehealth.com\/es\/terms-and-conditions\/","og_site_name":"Rizo Elite Health","article_modified_time":"2025-09-25T02:40:11+00:00","twitter_card":"summary_large_image","twitter_misc":{"Tiempo de lectura":"2 minutos"},"schema":{"@context":"https:\/\/schema.org","@graph":[{"@type":"WebPage","@id":"https:\/\/rizoelitehealth.com\/terms-and-conditions\/","url":"https:\/\/rizoelitehealth.com\/terms-and-conditions\/","name":"Terms and Conditions - Rizo Elite Health","isPartOf":{"@id":"https:\/\/rizoelitehealth.com\/#website"},"datePublished":"2025-09-23T16:04:13+00:00","dateModified":"2025-09-25T02:40:11+00:00","breadcrumb":{"@id":"https:\/\/rizoelitehealth.com\/terms-and-conditions\/#breadcrumb"},"inLanguage":"es","potentialAction":[{"@type":"ReadAction","target":["https:\/\/rizoelitehealth.com\/terms-and-conditions\/"]}]},{"@type":"BreadcrumbList","@id":"https:\/\/rizoelitehealth.com\/terms-and-conditions\/#breadcrumb","itemListElement":[{"@type":"ListItem","position":1,"name":"Inicio","item":"https:\/\/rizoelitehealth.com\/"},{"@type":"ListItem","position":2,"name":"Terms and Conditions"}]},{"@type":"WebSite","@id":"https:\/\/rizoelitehealth.com\/#website","url":"https:\/\/rizoelitehealth.com\/","name":"Rizo Elite Health","description":"Atenci\u00f3n primaria, telemedicina, control de p\u00e9rdida de peso, terapia intravenosa de vitaminas y m\u00e1s, disponible en l\u00ednea o en la comodidad de su hogar.","publisher":{"@id":"https:\/\/rizoelitehealth.com\/#organization"},"potentialAction":[{"@type":"SearchAction","target":{"@type":"EntryPoint","urlTemplate":"https:\/\/rizoelitehealth.com\/?s={search_term_string}"},"query-input":{"@type":"PropertyValueSpecification","valueRequired":true,"valueName":"search_term_string"}}],"inLanguage":"es"},{"@type":"Organization","@id":"https:\/\/rizoelitehealth.com\/#organization","name":"Rizo Elite Health","url":"https:\/\/rizoelitehealth.com\/","logo":{"@type":"ImageObject","inLanguage":"es","@id":"https:\/\/rizoelitehealth.com\/#\/schema\/logo\/image\/","url":"https:\/\/rizoelitehealth.com\/wp-content\/uploads\/2025\/07\/logo-rizo.png","contentUrl":"https:\/\/rizoelitehealth.com\/wp-content\/uploads\/2025\/07\/logo-rizo.png","width":802,"height":302,"caption":"Rizo Elite Health"},"image":{"@id":"https:\/\/rizoelitehealth.com\/#\/schema\/logo\/image\/"}}]}},"_links":{"self":[{"href":"https:\/\/rizoelitehealth.com\/es\/wp-json\/wp\/v2\/pages\/29265","targetHints":{"allow":["GET"]}}],"collection":[{"href":"https:\/\/rizoelitehealth.com\/es\/wp-json\/wp\/v2\/pages"}],"about":[{"href":"https:\/\/rizoelitehealth.com\/es\/wp-json\/wp\/v2\/types\/page"}],"author":[{"embeddable":true,"href":"https:\/\/rizoelitehealth.com\/es\/wp-json\/wp\/v2\/users\/1"}],"replies":[{"embeddable":true,"href":"https:\/\/rizoelitehealth.com\/es\/wp-json\/wp\/v2\/comments?post=29265"}],"version-history":[{"count":0,"href":"https:\/\/rizoelitehealth.com\/es\/wp-json\/wp\/v2\/pages\/29265\/revisions"}],"wp:attachment":[{"href":"https:\/\/rizoelitehealth.com\/es\/wp-json\/wp\/v2\/media?parent=29265"}],"curies":[{"name":"wp","href":"https:\/\/api.w.org\/{rel}","templated":true}]}}